{"id":5,"date":"2023-04-20T09:55:53","date_gmt":"2023-04-20T09:55:53","guid":{"rendered":"https:\/\/idrottalingsas.se\/?page_id=5"},"modified":"2023-04-20T10:02:59","modified_gmt":"2023-04-20T10:02:59","slug":"5-2","status":"publish","type":"page","link":"https:\/\/idrottalingsas.se\/","title":{"rendered":"Start"},"content":{"rendered":"\n<figure class=\"wp-block-image size-full\"><img loading=\"lazy\" decoding=\"async\" width=\"1000\" height=\"465\" src=\"https:\/\/idrottalingsas.se\/wp-content\/uploads\/2023\/04\/Idrottsradet.png\" alt=\"\" class=\"wp-image-6\" srcset=\"https:\/\/idrottalingsas.se\/wp-content\/uploads\/2023\/04\/Idrottsradet.png 1000w, https:\/\/idrottalingsas.se\/wp-content\/uploads\/2023\/04\/Idrottsradet-300x140.png 300w, https:\/\/idrottalingsas.se\/wp-content\/uploads\/2023\/04\/Idrottsradet-768x357.png 768w\" sizes=\"(max-width: 1000px) 100vw, 1000px\" \/><\/figure>\n\n\n\n<p>V\u00e4lkommen till Alings\u00e5s Idrottsr\u00e5ds hemsida.<\/p>\n\n\n\n<p>En styrgrupp har satts samman i Alings\u00e5s Idrottsr\u00e5d f\u00f6r att vara drivande fram\u00e5t i Idrottsr\u00e5det, och styrgruppen kommer att tr\u00e4ffas fyra g\u00e5nger per \u00e5r. Vid ytterligare ett tillf\u00e4lle per \u00e5r bjuds alla kommunens f\u00f6reningar in f\u00f6r att h\u00e5llas informerade om de fr\u00e5gor som \u00e4r aktuella samt f\u00f6r att vid intresse v\u00e4ljas in i styrgruppen.<\/p>\n\n\n\n<p><strong>Alings\u00e5s Idrottsr\u00e5d<\/strong> har som \u00f6vergripande m\u00e5l att <strong>st\u00e4rka idrotten<\/strong> i hela Alings\u00e5s, fr\u00e5n Bj\u00e4rke i Norr till Hemsj\u00f6 i s\u00f6der.<\/p>\n\n\n\n<p>Vi vill arbeta f\u00f6r en vision f\u00f6r idrotten i Alings\u00e5s i samarbete med kommunen. Vid samtal med f\u00f6reningarna lyfts omedelbart fr\u00e5gan om bristen p\u00e5 idrottsytor och hallar, vilket begr\u00e4nsar f\u00f6reningarnas utveckling.<\/p>\n\n\n\n<p>Idrottr\u00e5det vill fungera som bollplank gentemot kommunen, ett forum f\u00f6r idrottsf\u00f6reningarna att g\u00f6ra sin r\u00f6st h\u00f6rd. R\u00e5det kan \u00e4ven fungera som en kanal f\u00f6r kommunen att n\u00e5 ut med budskap.<\/p>\n\n\n\n<p>Vi vill ocks\u00e5 arbeta f\u00f6r att <strong>skapa kontakter<\/strong> f\u00f6reningar mellan och st\u00e4rka en <strong>god kommunikation mellan alla f\u00f6reningar<\/strong> i Alings\u00e5s kommun, varf\u00f6r vi ser det som oerh\u00f6rt viktigt att v\u00e5rt utskick n\u00e5r fram till alla f\u00f6reningarnas styrelser f\u00f6r att r\u00e4tt personer i f\u00f6reningen ska n\u00e5s av informationen.<\/p>\n\n\n\n<p>F\u00f6ljande f\u00f6reningar \u00e4r utvalda att representera styrgruppen under Alings\u00e5s Idrottsr\u00e5ds f\u00f6rsta \u00e5r.<\/p>\n\n\n\n<p>Alings\u00e5s Capoeriaklubb<\/p>\n\n\n\n<p>Alings\u00e5s Golfklubb<\/p>\n\n\n\n<p>Alings\u00e5s HK<\/p>\n\n\n\n<p>Alings\u00e5s IF Fotboll<\/p>\n\n\n\n<p>Alings\u00e5s IF Gymnastik<\/p>\n\n\n\n<p>Alings\u00e5s KIK<\/p>\n\n\n\n<p>Alings\u00e5s Konst\u00e5kningsklubb<\/p>\n\n\n\n<p>Alings\u00e5s Simklubb<\/p>\n\n\n\n<p>Hemsj\u00f6 IF<\/p>\n\n\n\n<p>IBK Alings\u00e5s<\/p>\n\n\n\n<p>Sollebrunns AIK<\/p>\n\n\n\n<p>VK Bj\u00e4rke<\/p>\n","protected":false},"excerpt":{"rendered":"<p>V\u00e4lkommen till Alings\u00e5s Idrottsr\u00e5ds hemsida. En styrgrupp har satts samman i Alings\u00e5s Idrottsr\u00e5d f\u00f6r att vara drivande fram\u00e5t i Idrottsr\u00e5det, och styrgruppen kommer att tr\u00e4ffas fyra g\u00e5nger per \u00e5r. Vid ytterligare ett tillf\u00e4lle per \u00e5r bjuds alla kommunens f\u00f6reningar in f\u00f6r att h\u00e5llas informerade om de fr\u00e5gor som \u00e4r aktuella samt f\u00f6r att vid intresse&hellip; <a class=\"more-link\" href=\"https:\/\/idrottalingsas.se\/\">Continue reading <span class=\"screen-reader-text\">Start<\/span><\/a><\/p>\n","protected":false},"author":2,"featured_media":0,"parent":0,"menu_order":0,"comment_status":"closed","ping_status":"closed","template":"","meta":{"footnotes":""},"_links":{"self":[{"href":"https:\/\/idrottalingsas.se\/index.php?rest_route=\/wp\/v2\/pages\/5"}],"collection":[{"href":"https:\/\/idrottalingsas.se\/index.php?rest_route=\/wp\/v2\/pages"}],"about":[{"href":"https:\/\/idrottalingsas.se\/index.php?rest_route=\/wp\/v2\/types\/page"}],"author":[{"embeddable":true,"href":"https:\/\/idrottalingsas.se\/index.php?rest_route=\/wp\/v2\/users\/2"}],"replies":[{"embeddable":true,"href":"https:\/\/idrottalingsas.se\/index.php?rest_route=%2Fwp%2Fv2%2Fcomments&post=5"}],"version-history":[{"count":3,"href":"https:\/\/idrottalingsas.se\/index.php?rest_route=\/wp\/v2\/pages\/5\/revisions"}],"predecessor-version":[{"id":12,"href":"https:\/\/idrottalingsas.se\/index.php?rest_route=\/wp\/v2\/pages\/5\/revisions\/12"}],"wp:attachment":[{"href":"https:\/\/idrottalingsas.se\/index.php?rest_route=%2Fwp%2Fv2%2Fmedia&parent=5"}],"curies":[{"name":"wp","href":"https:\/\/api.w.org\/{rel}","templated":true}]}}